{"id":95,"date":"2018-02-13T19:32:07","date_gmt":"2018-02-13T19:32:07","guid":{"rendered":"http:\/\/selefectivo.mx\/?page_id=95"},"modified":"2018-08-15T17:41:54","modified_gmt":"2018-08-15T17:41:54","slug":"aviso-de-privacidad","status":"publish","type":"page","link":"https:\/\/selefectivo.com.mx\/?page_id=95","title":{"rendered":"Aviso de privacidad"},"content":{"rendered":"<p>En cumplimiento a lo dispuesto en la Ley Federal de Protecci\u00f3n de Datos Personales en Posesi\u00f3n de los Particulares, Soluciones Efectivas de Liquidez S.A. de C.V. SOFOM ENR (en adelante SEL Efectivo), con domicilio en \u00c1ngel Urraza 111 Piso 3, Col. Insurgentes San Borja, Del. Benito Ju\u00e1rez, C\u00f3digo Postal 03100, M\u00e9xico, CDMX y en su car\u00e1cter de responsable de sus datos personales, sensibles, patrimoniales y financieros, as\u00ed como del uso que se le de a los mismos y de su protecci\u00f3n, pone a su disposici\u00f3n el presente Aviso de Privacidad.<\/p>\n<p>De manera enunciativa y m\u00e1s no limitativa, los datos personales que recabamos de usted como cliente o solicitante de alguno de nuestros productos o servicios, seg\u00fan sea el caso, podr\u00e1 ser: su nombre, direcci\u00f3n, lugar y fecha de nacimiento, correo electr\u00f3nico y n\u00famero telef\u00f3nico, datos financieros y patrimoniales, como son cuentas bancarias, cr\u00e9ditos, entre otros, datos de su c\u00f3nyuge, comprobantes o documentos oficiales que acrediten su identidad y la informaci\u00f3n que usted declara.<\/p>\n<p>Los fines para los cuales SEL Efectivo recaba y usa sus datos personales tienen la finalidad de: confirmar su identidad y verificar la informaci\u00f3n que usted nos proporciona, entender y atender sus necesidades de car\u00e1cter financiero, cumplir con los requerimientos legales aplicables y otorgarle seguridad y certeza jur\u00eddica a los hechos y actos que celebra o celebrar\u00e1 con nosotros.<\/p>\n<p>Los datos personales que SEL Efectivo ha recabado o recabar\u00e1 de usted, son manejados a trav\u00e9s de un sistema de procesamiento de datos y solo por el personal adscrito a SEL Efectivo, trat\u00e1ndose de manera confidencial y \u00fanicamente para evaluar y en su caso, formalizar cualquier operaci\u00f3n relacionada a los productos o servicios que nuestra empresa ofrece, por lo cual sus datos no se comparten o transfieren a ning\u00fan tercero ajeno a dichas operaciones, salvo para el cumplimiento de obligaciones legales, judiciales y fiscales, as\u00ed como ante las autoridades competentes.<\/p>\n<p>En dichos supuestos, le informamos que SEL Efectivo como responsable de los datos personales, le garantiza que el presente Aviso de Privacidad ser\u00e1 respetado en todo momento y se adoptar\u00e1n las medidas necesarias para que las personas que tengan acceso a sus datos personales cumplan con el mismo, as\u00ed como con los principios de protecci\u00f3n de datos personales establecidos en la Ley.<\/p>\n<p>Para el ejercicio de su derecho usted podr\u00e1 acceder, rectificar y cancelar sus datos personales, as\u00ed como oponerse al tratamiento de los mismos o revocar el consentimiento, mediante solicitud presentada por escrito en el domicilio se\u00f1alado en el p\u00e1rrafo primero en d\u00edas h\u00e1biles y en un horario de las 9 hrs. Hasta las 14 hrs. (Derechos ARCO).<\/p>\n<p>Cualquier modificaci\u00f3n al presente aviso le ser\u00e1 notificada a trav\u00e9s de nuestra p\u00e1gina de internet www.selefectivo.com.mx, a su correo electr\u00f3nico, en caso de contar con \u00e9l y est\u00e9 actualizado y vigente y\/o por medio de la publicaci\u00f3n y exhibici\u00f3n en nuestro domicilio. En caso de tener dudas o comentarios respecto del presente Aviso de Privacidad, as\u00ed como para ejercer sus derechos ARCO le proporcionamos nuestros datos de contacto:<\/p>\n<p>Direcci\u00f3n: \u00c1ngel Urraza 111 Piso 3, Col. Insurgentes San Borja, Del. Benito Ju\u00e1rez, C\u00f3digo Postal 03100, M\u00e9xico, CDMX. Correo electr\u00f3nico:\u00a0<a href=\"mailto:avisodeprivacidad@selefectivo.com.mx\">avisodeprivacidad@selefectivo.com.mx<\/a><\/p>\n","protected":false},"excerpt":{"rendered":"<p>En cumplimiento a lo dispuesto en la Ley Federal de Protecci\u00f3n de Datos Personales en Posesi\u00f3n de los Particulares, Soluciones Efectivas de Liquidez S.A. de C.V. SOFOM ENR (en adelante SEL Efectivo), con domicilio en \u00c1ngel Urraza 111 Piso 3, Col. Insurgentes San Borja, Del. Benito Ju\u00e1rez, C\u00f3digo Postal 03100, [&hellip;]<\/p>\n","protected":false},"author":1,"featured_media":0,"parent":0,"menu_order":0,"comment_status":"closed","ping_status":"closed","template":"","meta":{"footnotes":""},"class_list":["post-95","page","type-page","status-publish","hentry"],"_links":{"self":[{"href":"https:\/\/selefectivo.com.mx\/index.php?rest_route=\/wp\/v2\/pages\/95","targetHints":{"allow":["GET"]}}],"collection":[{"href":"https:\/\/selefectivo.com.mx\/index.php?rest_route=\/wp\/v2\/pages"}],"about":[{"href":"https:\/\/selefectivo.com.mx\/index.php?rest_route=\/wp\/v2\/types\/page"}],"author":[{"embeddable":true,"href":"https:\/\/selefectivo.com.mx\/index.php?rest_route=\/wp\/v2\/users\/1"}],"replies":[{"embeddable":true,"href":"https:\/\/selefectivo.com.mx\/index.php?rest_route=%2Fwp%2Fv2%2Fcomments&post=95"}],"version-history":[{"count":4,"href":"https:\/\/selefectivo.com.mx\/index.php?rest_route=\/wp\/v2\/pages\/95\/revisions"}],"predecessor-version":[{"id":134,"href":"https:\/\/selefectivo.com.mx\/index.php?rest_route=\/wp\/v2\/pages\/95\/revisions\/134"}],"wp:attachment":[{"href":"https:\/\/selefectivo.com.mx\/index.php?rest_route=%2Fwp%2Fv2%2Fmedia&parent=95"}],"curies":[{"name":"wp","href":"https:\/\/api.w.org\/{rel}","templated":true}]}}