{"id":167,"date":"2019-03-11T19:13:41","date_gmt":"2019-03-11T19:13:41","guid":{"rendered":"http:\/\/selefectivo.mx\/?page_id=167"},"modified":"2025-12-16T17:48:19","modified_gmt":"2025-12-16T17:48:19","slug":"nuestro-producto","status":"publish","type":"page","link":"https:\/\/selefectivo.com.mx\/?page_id=167","title":{"rendered":"Cr\u00e9dito de N\u00f3mina"},"content":{"rendered":"<div class=\" \" data-wow-delay=\"0ms\" data-wow-iteration=\"1\">\n<h3 class=\"title\"><span style=\"color: revert; font-size: revert; font-weight: revert;\">Descripci\u00f3n:<\/span><\/h3>\n<\/div>\n<div class=\"wpb_text_column wpb_content_element \">\n<div class=\"wpb_wrapper\">\n<p>Soluciones Efectivas de Liquidez S.A. de C.V. SOFOM ENR, ofrece el producto denominado <strong>cr\u00e9dito de n\u00f3mina<\/strong> a empleados que laboren en una empresa con la que exista un convenio de colaboraci\u00f3n.<\/p>\n<\/div>\n<\/div>\n<div class=\"vc_empty_space\"><\/div>\n<div class=\"title-box \" data-wow-delay=\"0ms\" data-wow-iteration=\"1\">\n<h3 class=\"title\">T\u00e9rminos y Condiciones:<\/h3>\n<\/div>\n<div class=\"vc_row wpb_row vc_inner vc_row-fluid\">\n<div class=\"wpb_column vc_column_container vc_col-sm-6\">\n<div class=\"wpb_wrapper\">\n<div class=\"wpb_text_column wpb_content_element \">\n<div class=\"wpb_wrapper\">\n<ul class=\"check_list_r\">\n<li>\n<div class=\"s10\"><span class=\"s8\"><strong>Monto del cr\u00e9dito<\/strong>:\u00a0<\/span><span class=\"s9\">De $5,000.00 hasta $150,000.00 pesos (Moneda Nacional).<\/span><\/div>\n<\/li>\n<li><span class=\"s8\"><strong>Plazo del cr\u00e9dito<\/strong>:<\/span><span class=\"s9\">\u00a0De 6<\/span><span class=\"s9\">\u00a0hasta<\/span><span class=\"s9\">\u00a018 meses.<\/span><\/li>\n<li><span class=\"s8\"><strong>Periodicidad de pago<\/strong>:<\/span><span class=\"s9\">\u00a0Semanal, Catorcenal, Quincenal, Mensual.<\/span><\/li>\n<li><span class=\"s8\"><strong>Destino del cr\u00e9dito<\/strong>:<\/span><span class=\"s9\">\u00a0Libre.<\/span><\/li>\n<li><span class=\"s8\"><strong>Moneda<\/strong>:<\/span><span class=\"s9\">\u00a0Pesos (Moneda Nacional).<\/span><\/li>\n<li><span class=\"s8\"><strong>Cobertura geogr\u00e1fica<\/strong>:<\/span><span class=\"s9\">\u00a0Nacional.<\/span><\/li>\n<li><span class=\"s8\"><strong>Medios y canales de disposici\u00f3n<\/strong>:<\/span><span class=\"s9\">\u00a0Sistema de Pago Electr\u00f3nicos Interbancarios (SPEI).<\/span><\/li>\n<li><span class=\"s8\"><strong>Tipo de garant\u00eda<\/strong>:<\/span><span class=\"s9\">\u00a0Quirografaria (Pagar\u00e9).<\/span><\/li>\n<\/ul>\n<p><em>T\u00e9rminos, condiciones y comisiones de contrataci\u00f3n de productos y servicios en <a href=\"http:\/\/www.selefectivo.com.mx\">www.selefectivo.com.mx<\/a>\u00a0<\/em><\/p>\n<p><em>Tasa fija anual inter\u00e9s global.<\/em><\/p>\n<p><em>Los cr\u00e9ditos presentados son \u00fanicamente una simulaci\u00f3n, la aprobaci\u00f3n, plazos, tasas, pagos, comisi\u00f3n y monto definitivos se generar\u00e1n a la firma del contrato.<\/em><\/p>\n<\/div>\n<\/div>\n<\/div>\n<\/div>\n<div class=\"wpb_column vc_column_container vc_col-sm-6\">\n<div class=\"wpb_wrapper\">\n<div class=\"wpb_single_image wpb_content_element vc_align_\">\n<div class=\"wpb_wrapper\">\n<div class=\"vc_single_image-wrapper vc_box_border_grey\">\n<div class=\"title-box \" data-wow-delay=\"0ms\" data-wow-iteration=\"1\">\n<h3 class=\"title\">Beneficios:<\/h3>\n<ul>\n<li>Si tu empresa est\u00e1 afiliada a Soluciones Efectivas de Liquidez S.A. de C.V. SOFOM ENR y de acuerdo con el Convenio de Afiliaci\u00f3n que Tu Patr\u00f3n Firm\u00f3.<\/li>\n<li>Si tienes buen historial crediticio.<\/li>\n<li>Si has renovado tu cr\u00e9dito en el \u00faltimo a\u00f1o.<\/li>\n<\/ul>\n<p>Al cumplir con alguno de los requisitos anteriormente mencionados, podr\u00e1s obtener los siguientes beneficios:<\/p>\n<\/div>\n<div class=\"vc_row wpb_row vc_inner vc_row-fluid\">\n<div class=\"wpb_column vc_column_container vc_col-sm-6\">\n<div class=\"wpb_wrapper\">\n<div class=\"wpb_text_column wpb_content_element \">\n<div class=\"wpb_wrapper\">\n<ul>\n<li>Sin aval<\/li>\n<li>Tasa de inter\u00e9s anual fija desde el 23% hasta el 38.4%<\/li>\n<li>0% (Cero Por Ciento) en comisi\u00f3n por apertura<\/li>\n<\/ul>\n<\/div>\n<\/div>\n<\/div>\n<\/div>\n<\/div>\n<\/div>\n<\/div>\n<\/div>\n<\/div>\n<\/div>\n<\/div>\n<div class=\"title-box \" data-wow-delay=\"0ms\" data-wow-iteration=\"1\">\n<h3 class=\"title\">Requisitos:<\/h3>\n<\/div>\n<div class=\"wpb_text_column wpb_content_element \">\n<div class=\"wpb_wrapper\">\n<p><strong>A) Relacionados con el solicitante:<\/strong><\/p>\n<ul>\n<li><strong>Edad<\/strong>:\u00a0De 18 hasta 70 a\u00f1os 0 meses.<\/li>\n<li><strong>Tipo de persona<\/strong>:\u00a0Personas F\u00edsicas.<\/li>\n<li><strong>Antig\u00fcedad laboral<\/strong>:\u00a01 a\u00f1o.<\/li>\n<li><strong>Antig\u00fcedad residencia<\/strong>:\u00a01 a\u00f1o.<\/li>\n<li><strong>Ingreso m\u00ednimo mensual<\/strong>:\u00a0$5,000.00 Pesos. (Moneda Nacional)<\/li>\n<li><strong>Buen historial crediticio.<\/strong><\/li>\n<li><strong>Solicitud de cr\u00e9dito.<\/strong><\/li>\n<\/ul>\n<p><strong>B) Relacionados con la documentaci\u00f3n que deber\u00e1 de presentar:<\/strong><\/p>\n<ul>\n<li><strong><span class=\"s4\">Identificaci\u00f3n oficial vigente<\/span><\/strong><span class=\"s5\">: INE, Pasaporte.<\/span><\/li>\n<li><strong><span class=\"s4\">Comprobante de Domici<\/span><span class=\"s18\">l<\/span><\/strong><span class=\"s4\"><strong>io<\/strong>:<\/span><span class=\"s5\">\u00a0Predial, Luz, Tel\u00e9fono, Gas.<\/span><\/li>\n<li><span class=\"s4\"><strong>Comprobante de ingresos<\/strong>:<\/span><span class=\"s5\">\u00a0Estado de cuenta, recibo de n\u00f3mina.<\/span><\/li>\n<li><span class=\"s4\"><strong>Documentaci\u00f3n complementaria<\/strong>:<\/span><span class=\"s5\">\u00a0RFC, CURP.<\/span><\/li>\n<\/ul>\n<\/div>\n<\/div>\n<div class=\"title-box \" data-wow-delay=\"0ms\" data-wow-iteration=\"1\">\n<h3><\/h3>\n<h3 class=\"title\">Costos y Comisiones:<\/h3>\n<\/div>\n<div class=\"wpb_text_column wpb_content_element \">\n<div class=\"wpb_wrapper\">\n<ul>\n<li><strong>Costo Anual Total: CAT Promedio 107.8% <\/strong>(Sin IVA). Para fines informativos y de comparaci\u00f3n. Calculado con un cr\u00e9dito de $10,000.00 pesos (Moneda Nacional), a una tasa de inter\u00e9s anual fija del\u00a0<strong>38.4%<\/strong>\u00a0(Sin IVA) + comisi\u00f3n por apertura del\u00a0<strong>3%<\/strong> (Sin IVA).Con Fecha de c\u00e1lculo del 1 de enero de 2026 <strong>CAT<\/strong> vigente hasta el d\u00eda 30 de junio del 2026.<\/li>\n<li><strong>CAT: <\/strong>Costo anual total de financiamiento expresado en t\u00e9rminos porcentuales anuales que, para fines informativos y de comparaci\u00f3n, incorpora la totalidad de los costos y gastos inherentes\u00a0a los cr\u00e9ditos.<\/li>\n<li><strong>Tasa de Inter\u00e9s<\/strong>: Tasa de inter\u00e9s anual fija del <strong>38.4%<\/strong>(Sin IVA).<\/li>\n<li><strong>Tipo de Tasa de Inter\u00e9s: <\/strong>Fija<\/li>\n<li><strong>Comisi\u00f3n por Apertura de Cr\u00e9dito:<\/strong><strong>3%\u00a0<\/strong>(Sin IVA) sobre el monto del cr\u00e9dito otorgado. Periodicidad de cobro, por \u00fanica ocasi\u00f3n al contratar.<\/li>\n<\/ul>\n<\/div>\n<\/div>\n<div class=\"title-box \" data-wow-delay=\"0ms\" data-wow-iteration=\"1\">\n<h3><\/h3>\n<h3 class=\"title\">Recomendaciones:<\/h3>\n<\/div>\n<div class=\"wpb_text_column wpb_content_element \">\n<div class=\"wpb_wrapper\">\n<ul class=\"check_list_r\">\n<li>Efect\u00faa tus \u00a0pagos a tiempo para conservar un buen historial crediticio.<\/li>\n<li>Contratar cr\u00e9ditos por arriba de tu capacidad de pago puede afectar tu historial crediticio.<\/li>\n<li>Incumplir con tus obligaciones te puede generar intereses moratorios.<\/li>\n<\/ul>\n<\/div>\n<\/div>\n","protected":false},"excerpt":{"rendered":"<p>Descripci\u00f3n: Soluciones Efectivas de Liquidez S.A. de C.V. SOFOM ENR, ofrece el producto denominado cr\u00e9dito de n\u00f3mina a empleados que laboren en una empresa con la que exista un convenio de colaboraci\u00f3n. T\u00e9rminos y Condiciones: Monto del cr\u00e9dito:\u00a0De $5,000.00 hasta $150,000.00 pesos (Moneda Nacional). Plazo del cr\u00e9dito:\u00a0De 6\u00a0hasta\u00a018 meses. Periodicidad [&hellip;]<\/p>\n","protected":false},"author":1,"featured_media":0,"parent":0,"menu_order":0,"comment_status":"closed","ping_status":"closed","template":"","meta":{"footnotes":""},"class_list":["post-167","page","type-page","status-publish","hentry"],"_links":{"self":[{"href":"https:\/\/selefectivo.com.mx\/index.php?rest_route=\/wp\/v2\/pages\/167","targetHints":{"allow":["GET"]}}],"collection":[{"href":"https:\/\/selefectivo.com.mx\/index.php?rest_route=\/wp\/v2\/pages"}],"about":[{"href":"https:\/\/selefectivo.com.mx\/index.php?rest_route=\/wp\/v2\/types\/page"}],"author":[{"embeddable":true,"href":"https:\/\/selefectivo.com.mx\/index.php?rest_route=\/wp\/v2\/users\/1"}],"replies":[{"embeddable":true,"href":"https:\/\/selefectivo.com.mx\/index.php?rest_route=%2Fwp%2Fv2%2Fcomments&post=167"}],"version-history":[{"count":37,"href":"https:\/\/selefectivo.com.mx\/index.php?rest_route=\/wp\/v2\/pages\/167\/revisions"}],"predecessor-version":[{"id":434,"href":"https:\/\/selefectivo.com.mx\/index.php?rest_route=\/wp\/v2\/pages\/167\/revisions\/434"}],"wp:attachment":[{"href":"https:\/\/selefectivo.com.mx\/index.php?rest_route=%2Fwp%2Fv2%2Fmedia&parent=167"}],"curies":[{"name":"wp","href":"https:\/\/api.w.org\/{rel}","templated":true}]}}